{"id":1042,"date":"2021-10-20T11:30:29","date_gmt":"2021-10-20T11:30:29","guid":{"rendered":"https:\/\/sagjamitsteven.de\/?page_id=1042"},"modified":"2025-01-05T21:41:01","modified_gmt":"2025-01-05T21:41:01","slug":"impressum","status":"publish","type":"page","link":"https:\/\/sagjamitsteven.de\/index.php\/impressum\/","title":{"rendered":"Impressum"},"content":{"rendered":"<div class=\"headline-margin\">\n<h2>IMPRESSUM<\/h2>\n<\/div>\n<div class=\"text-padding text-wrapper text-min-height \">ADRESSE<\/div>\n<div class=\"text-padding text-wrapper text-min-height \">\n<p>Steven H\u00f6hne<br \/>\nWachhausstr. 14A<br \/>\n76227 Karlsruhe<\/p>\n<p>&nbsp;<\/p>\n<h3>URHEBERRECHTSHINWEIS<\/h3>\n<p>Die Inhalte und Fotos auf dieser Webseite sind urheberrechtlich gesch\u00fctzt und d\u00fcrfen ohne Genehmigung nicht kopiert oder anderweitig vervielf\u00e4ltigt oder ver\u00f6ffentlicht werden.<\/p>\n<h3>INHALTE DER WEBSITE<\/h3>\n<p>Der Autor \u00fcbernimmt keinerlei Gew\u00e4hr f\u00fcr die Aktualit\u00e4t, Korrektheit, Vollst\u00e4ndigkeit oder Qualit\u00e4t der bereitgestellten Informationen. Haftungsanspr\u00fcche gegen den Autor, welche sich auf Sch\u00e4den materieller oder ideeller Art beziehen, die durch die Nutzung oder Nichtnutzung der dargebotenen Informationen bzw. durch die Nutzung fehlerhafter und unvollst\u00e4ndiger Informationen verursacht wurden, sind grunds\u00e4tzlich ausgeschlossen, sofern seitens des Autors ein nachweislich vors\u00e4tzliches oder grob fahrl\u00e4ssiges Verschulden vorliegt.<br \/>\nAlle Angebote sind freibleibend und unverbindlich. Der Autor beh\u00e4lt es sich ausdr\u00fccklich vor, Teile der Seiten oder das gesamte Angebot ohne gesonderte Ank\u00fcndigung zu ver\u00e4ndern, zu erg\u00e4nzen, zu l\u00f6schen oder die Ver\u00f6ffentlichung zeitweise oder endg\u00fcltig einzustellen.<\/p>\n<h3>EXTERNE LINKS<\/h3>\n<p>Bei direkten oder indirekten Verweisen auf fremde Webseiten (Hyperlinks), die au\u00dferhalb des Verantwortungsbereiches des Autors liegen, w\u00fcrde eine Haftungsverpflichtung ausschlie\u00dflich in dem Fall in Kraft treten, in dem der Autor von den Inhalten Kenntnis hat und es ihm technisch m\u00f6glich und zumutbar w\u00e4re, die Nutzung im Falle rechtswidriger Inhalte zu verhindern.<br \/>\nDer Autor erkl\u00e4rt hiermit ausdr\u00fccklich, dass zum Zeitpunkt der Linksetzung keine illegalen Inhalte auf den zu verlinkenden Seiten erkennbar waren. Auf die aktuelle und zuk\u00fcnftige Gestaltung, die Inhalte oder die Urheberschaft der verlinkten\/verkn\u00fcpften Seiten hat der Autor keinerlei Einfluss. Deshalb distanziert er sich hiermit ausdr\u00fccklich von allen Inhalten aller verlinkten\/verkn\u00fcpften Seiten, die nach der Linksetzung ver\u00e4ndert wurden. Diese Feststellung gilt f\u00fcr alle innerhalb des eigenen Internetangebotes gesetzten Links und Verweise sowie f\u00fcr Fremdeintr\u00e4ge in vom Autor eingerichteten Diskussionsforen, Linkverzeichnissen, Mailinglisten und in allen anderen Formen von Datenbanken, auf deren Inhalt externe Schreibzugriffe m\u00f6glich sind. F\u00fcr illegale, fehlerhafte oder unvollst\u00e4ndige Inhalte und insbesondere f\u00fcr Sch\u00e4den, die aus der Nutzung oder Nichtnutzung solcherart dargebotener Informationen entstehen, haftet allein der Anbieter der Seite, auf welche verwiesen wurde, nicht derjenige, der \u00fcber Links auf die jeweilige Ver\u00f6ffentlichung lediglich verweist.<\/p>\n<\/div>\n","protected":false},"excerpt":{"rendered":"<p>IMPRESSUM ADRESSE Steven H\u00f6hne Wachhausstr. 14A 76227 Karlsruhe &nbsp; URHEBERRECHTSHINWEIS Die Inhalte und Fotos auf dieser Webseite sind urheberrechtlich gesch\u00fctzt und d\u00fcrfen ohne Genehmigung nicht kopiert oder anderweitig vervielf\u00e4ltigt oder ver\u00f6ffentlicht werden. INHALTE DER WEBSITE Der Autor \u00fcbernimmt keinerlei Gew\u00e4hr f\u00fcr die Aktualit\u00e4t, Korrektheit, Vollst\u00e4ndigkeit oder Qualit\u00e4t der bereitgestellten Informationen. Haftungsanspr\u00fcche gegen den Autor, welche&hellip;<\/p>\n","protected":false},"author":1,"featured_media":0,"parent":0,"menu_order":0,"comment_status":"closed","ping_status":"closed","template":"","meta":{"_monsterinsights_skip_tracking":false,"_monsterinsights_sitenote_active":false,"_monsterinsights_sitenote_note":"","_monsterinsights_sitenote_category":0,"footnotes":""},"class_list":["post-1042","page","type-page","status-publish","hentry","description-off"],"aioseo_notices":[],"_links":{"self":[{"href":"https:\/\/sagjamitsteven.de\/index.php\/wp-json\/wp\/v2\/pages\/1042","targetHints":{"allow":["GET"]}}],"collection":[{"href":"https:\/\/sagjamitsteven.de\/index.php\/wp-json\/wp\/v2\/pages"}],"about":[{"href":"https:\/\/sagjamitsteven.de\/index.php\/wp-json\/wp\/v2\/types\/page"}],"author":[{"embeddable":true,"href":"https:\/\/sagjamitsteven.de\/index.php\/wp-json\/wp\/v2\/users\/1"}],"replies":[{"embeddable":true,"href":"https:\/\/sagjamitsteven.de\/index.php\/wp-json\/wp\/v2\/comments?post=1042"}],"version-history":[{"count":4,"href":"https:\/\/sagjamitsteven.de\/index.php\/wp-json\/wp\/v2\/pages\/1042\/revisions"}],"predecessor-version":[{"id":1217,"href":"https:\/\/sagjamitsteven.de\/index.php\/wp-json\/wp\/v2\/pages\/1042\/revisions\/1217"}],"wp:attachment":[{"href":"https:\/\/sagjamitsteven.de\/index.php\/wp-json\/wp\/v2\/media?parent=1042"}],"curies":[{"name":"wp","href":"https:\/\/api.w.org\/{rel}","templated":true}]}}